{"id":144,"date":"2020-05-23T13:45:40","date_gmt":"2020-05-23T10:45:40","guid":{"rendered":"http:\/\/utt.com.tr\/?page_id=144"},"modified":"2020-05-23T13:45:40","modified_gmt":"2020-05-23T10:45:40","slug":"borosilikat","status":"publish","type":"page","link":"https:\/\/utt.com.tr\/en\/borosilikat\/","title":{"rendered":"Borosilikat cam levha ve borular"},"content":{"rendered":"\n<figure class=\"wp-block-image alignfull size-large\"><img loading=\"lazy\" width=\"1024\" height=\"276\" src=\"http:\/\/utt.com.tr\/en\/wp-content\/uploads\/sites\/2\/2020\/05\/glass-01-1024x276.jpg\" alt=\"\" class=\"wp-image-148\" srcset=\"https:\/\/utt.com.tr\/en\/wp-content\/uploads\/sites\/2\/2020\/05\/glass-01-1024x276.jpg 1024w, https:\/\/utt.com.tr\/en\/wp-content\/uploads\/sites\/2\/2020\/05\/glass-01-300x81.jpg 300w, https:\/\/utt.com.tr\/en\/wp-content\/uploads\/sites\/2\/2020\/05\/glass-01-768x207.jpg 768w, https:\/\/utt.com.tr\/en\/wp-content\/uploads\/sites\/2\/2020\/05\/glass-01.jpg 1037w\" sizes=\"(max-width: 1024px) 100vw, 1024px\" \/><\/figure>\n\n\n\n<h4>\u00d6zellikler<\/h4>\n\n\n\n<ul><li>Flot teknolojisi ile \u00fcretim<\/li><li>Y\u00fcksek kimyasal mukavemet ve d\u00fc\u015f\u00fck terma<br>genle\u015fme<\/li><li>Hassas boru \u00fcretim ebatlar\u0131<\/li><li>Y\u00fcksek derecelere mukavemet istenilen&nbsp;<br>ayd\u0131nlatma end\u00fcstrisinde<\/li><li>Elektrik yal\u0131t\u0131m arac\u0131 olarak<\/li><li>F\u0131r\u0131n cam\u0131 gibi mutfak gere\u00e7lerinde<br>ideal kullan\u0131m<\/li><li>Boru i\u00e7indeki ak\u0131\u015fkan\u0131n takibi i\u00e7in bilhassa&nbsp;<br>yeme i\u00e7me end\u00fcstrisinde rahatl\u0131kla kullan\u0131labilir<\/li><\/ul>\n\n\n\n<figure class=\"wp-block-image size-large is-resized\"><img loading=\"lazy\" src=\"http:\/\/utt.com.tr\/en\/wp-content\/uploads\/sites\/2\/2020\/05\/Borosilicate-Gight-Glasses.jpg\" alt=\"\" class=\"wp-image-228\" width=\"492\" height=\"411\" srcset=\"https:\/\/utt.com.tr\/en\/wp-content\/uploads\/sites\/2\/2020\/05\/Borosilicate-Gight-Glasses.jpg 604w, https:\/\/utt.com.tr\/en\/wp-content\/uploads\/sites\/2\/2020\/05\/Borosilicate-Gight-Glasses-300x250.jpg 300w\" sizes=\"(max-width: 492px) 100vw, 492px\" \/><\/figure>\n\n\n\n<p><strong>Daha fazla bilgi edinmek i\u00e7in l\u00fctfen bizi aray\u0131n\u0131z.<\/strong><strong><br><\/strong><a href=\"mailto:info@utt.com.tr\">info@utt.com.tr<\/a><\/p>\n","protected":false},"excerpt":{"rendered":"<p>\u00d6zellikler Flot teknolojisi ile \u00fcretim Y\u00fcksek kimyasal mukavemet ve d\u00fc\u015f\u00fck termagenle\u015fme Hassas boru \u00fcretim ebatlar\u0131 Y\u00fcksek derecelere mukavemet istenilen&nbsp;ayd\u0131nlatma end\u00fcstrisinde Elektrik yal\u0131t\u0131m arac\u0131 olarak F\u0131r\u0131n cam\u0131 gibi mutfak gere\u00e7lerindeideal kullan\u0131m Boru i\u00e7indeki ak\u0131\u015fkan\u0131n takibi i\u00e7in bilhassa&nbsp;yeme i\u00e7me end\u00fcstrisinde rahatl\u0131kla kullan\u0131labilir Daha fazla bilgi edinmek i\u00e7in l\u00fctfen bizi aray\u0131n\u0131z.info@utt.com.tr<\/p>\n","protected":false},"author":1,"featured_media":0,"parent":0,"menu_order":0,"comment_status":"closed","ping_status":"closed","template":"","meta":[],"_links":{"self":[{"href":"https:\/\/utt.com.tr\/en\/wp-json\/wp\/v2\/pages\/144"}],"collection":[{"href":"https:\/\/utt.com.tr\/en\/wp-json\/wp\/v2\/pages"}],"about":[{"href":"https:\/\/utt.com.tr\/en\/wp-json\/wp\/v2\/types\/page"}],"author":[{"embeddable":true,"href":"https:\/\/utt.com.tr\/en\/wp-json\/wp\/v2\/users\/1"}],"replies":[{"embeddable":true,"href":"https:\/\/utt.com.tr\/en\/wp-json\/wp\/v2\/comments?post=144"}],"version-history":[{"count":0,"href":"https:\/\/utt.com.tr\/en\/wp-json\/wp\/v2\/pages\/144\/revisions"}],"wp:attachment":[{"href":"https:\/\/utt.com.tr\/en\/wp-json\/wp\/v2\/media?parent=144"}],"curies":[{"name":"wp","href":"https:\/\/api.w.org\/{rel}","templated":true}]}}