{"id":151,"date":"2020-05-23T14:18:36","date_gmt":"2020-05-23T11:18:36","guid":{"rendered":"http:\/\/utt.com.tr\/?page_id=151"},"modified":"2020-05-23T14:18:36","modified_gmt":"2020-05-23T11:18:36","slug":"ergime-firini-gozetleme-cami","status":"publish","type":"page","link":"https:\/\/utt.com.tr\/en\/ergime-firini-gozetleme-cami\/","title":{"rendered":"Ergime f\u0131r\u0131n\u0131 g\u00f6zetleme cam\u0131"},"content":{"rendered":"\n<figure class=\"wp-block-image alignfull size-large\"><img loading=\"lazy\" width=\"1024\" height=\"276\" src=\"http:\/\/utt.com.tr\/en\/wp-content\/uploads\/sites\/2\/2020\/05\/kitchen-1-1024x276.jpg\" alt=\"\" class=\"wp-image-153\" srcset=\"https:\/\/utt.com.tr\/en\/wp-content\/uploads\/sites\/2\/2020\/05\/kitchen-1-1024x276.jpg 1024w, https:\/\/utt.com.tr\/en\/wp-content\/uploads\/sites\/2\/2020\/05\/kitchen-1-300x81.jpg 300w, https:\/\/utt.com.tr\/en\/wp-content\/uploads\/sites\/2\/2020\/05\/kitchen-1-768x207.jpg 768w, https:\/\/utt.com.tr\/en\/wp-content\/uploads\/sites\/2\/2020\/05\/kitchen-1.jpg 1037w\" sizes=\"(max-width: 1024px) 100vw, 1024px\" \/><\/figure>\n\n\n\n<h3>Ergime f\u0131r\u0131nlar\u0131<\/h3>\n\n\n\n<p>Ergime f\u0131r\u0131nlar\u0131ndaki &#8220;ergimi\u015f malzemenin&#8221; rahatl\u0131kla g\u00f6zlemlenmesi&nbsp;ve incelenmesi i\u00e7in \u00f6zel olarak \u00fcretilen g\u00f6zetleme cam. G\u00f6z\u00fcn zararl\u0131 radyasyonlardan korunmas\u0131 ve ergimi\u015f malzemenin&nbsp;g\u00f6zlemlenmesi i\u00e7in ideal cam. Ergime \u00fcnitelerinde, demir \u00e7elik end\u00fcstrisi ile kimyasal, porselen&nbsp;ve seramik \u00fcretimi yapan her t\u00fcrl\u00fc fabrikada \u00e7ok\u00e7a kullan\u0131lmaktad\u0131r.<\/p>\n\n\n\n<p><strong>Daha fazla bilgi edinmek i\u00e7in l\u00fctfen bizi aray\u0131n\u0131z.<\/strong><strong><br><\/strong><a href=\"mailto:info@utt.com.tr\">info@utt.com.tr<\/a><\/p>\n","protected":false},"excerpt":{"rendered":"<p>Ergime f\u0131r\u0131nlar\u0131 Ergime f\u0131r\u0131nlar\u0131ndaki &#8220;ergimi\u015f malzemenin&#8221; rahatl\u0131kla g\u00f6zlemlenmesi&nbsp;ve incelenmesi i\u00e7in \u00f6zel olarak \u00fcretilen g\u00f6zetleme cam. G\u00f6z\u00fcn zararl\u0131 radyasyonlardan korunmas\u0131 ve ergimi\u015f malzemenin&nbsp;g\u00f6zlemlenmesi i\u00e7in ideal cam. Ergime \u00fcnitelerinde, demir \u00e7elik end\u00fcstrisi ile kimyasal, porselen&nbsp;ve seramik \u00fcretimi yapan her t\u00fcrl\u00fc fabrikada \u00e7ok\u00e7a kullan\u0131lmaktad\u0131r. Daha fazla bilgi edinmek i\u00e7in l\u00fctfen bizi aray\u0131n\u0131z.info@utt.com.tr<\/p>\n","protected":false},"author":1,"featured_media":0,"parent":0,"menu_order":0,"comment_status":"closed","ping_status":"closed","template":"","meta":[],"_links":{"self":[{"href":"https:\/\/utt.com.tr\/en\/wp-json\/wp\/v2\/pages\/151"}],"collection":[{"href":"https:\/\/utt.com.tr\/en\/wp-json\/wp\/v2\/pages"}],"about":[{"href":"https:\/\/utt.com.tr\/en\/wp-json\/wp\/v2\/types\/page"}],"author":[{"embeddable":true,"href":"https:\/\/utt.com.tr\/en\/wp-json\/wp\/v2\/users\/1"}],"replies":[{"embeddable":true,"href":"https:\/\/utt.com.tr\/en\/wp-json\/wp\/v2\/comments?post=151"}],"version-history":[{"count":0,"href":"https:\/\/utt.com.tr\/en\/wp-json\/wp\/v2\/pages\/151\/revisions"}],"wp:attachment":[{"href":"https:\/\/utt.com.tr\/en\/wp-json\/wp\/v2\/media?parent=151"}],"curies":[{"name":"wp","href":"https:\/\/api.w.org\/{rel}","templated":true}]}}