{"id":157,"date":"2020-05-23T14:51:39","date_gmt":"2020-05-23T11:51:39","guid":{"rendered":"http:\/\/utt.com.tr\/?page_id=157"},"modified":"2020-05-23T14:51:39","modified_gmt":"2020-05-23T11:51:39","slug":"quartz-camlar","status":"publish","type":"page","link":"https:\/\/utt.com.tr\/en\/quartz-camlar\/","title":{"rendered":"Quartz camlar"},"content":{"rendered":"\n<figure class=\"wp-block-image alignfull size-large\"><img loading=\"lazy\" width=\"1024\" height=\"276\" src=\"http:\/\/utt.com.tr\/en\/wp-content\/uploads\/sites\/2\/2020\/05\/quartz-glass-1024x276.jpg\" alt=\"\" class=\"wp-image-158\" srcset=\"https:\/\/utt.com.tr\/en\/wp-content\/uploads\/sites\/2\/2020\/05\/quartz-glass-1024x276.jpg 1024w, https:\/\/utt.com.tr\/en\/wp-content\/uploads\/sites\/2\/2020\/05\/quartz-glass-300x81.jpg 300w, https:\/\/utt.com.tr\/en\/wp-content\/uploads\/sites\/2\/2020\/05\/quartz-glass-768x207.jpg 768w, https:\/\/utt.com.tr\/en\/wp-content\/uploads\/sites\/2\/2020\/05\/quartz-glass.jpg 1037w\" sizes=\"(max-width: 1024px) 100vw, 1024px\" \/><\/figure>\n\n\n\n<h3>\u00d6zellikler<\/h3>\n\n\n\n<ul><li>Y\u00fcksek kalitede sentetik silica<\/li><li>Y\u00fcksek kalitede fused (erimi\u015f) quartz<\/li><li>\u00c7ok y\u00fcksek dereceli \u00e7al\u0131\u015fma ortamlar\u0131nda&nbsp;<br>(1.200 \u00baC ye kadar) m\u00fckemmel g\u00f6zetleme cam\u0131<\/li><li>Ola\u011fan\u00fcst\u00fc UV ge\u00e7irgenli\u011fi&nbsp;<br>(mesela su ar\u0131tma sistemleri i\u00e7in)<\/li><\/ul>\n\n\n\n<div class=\"wp-block-columns\">\n<div class=\"wp-block-column\">\n<figure class=\"wp-block-image size-large is-resized\"><img loading=\"lazy\" src=\"http:\/\/utt.com.tr\/en\/wp-content\/uploads\/sites\/2\/2020\/05\/Quazrt-disc-1.jpg\" alt=\"\" class=\"wp-image-240\" width=\"296\" height=\"190\" \/><\/figure>\n<\/div>\n\n\n\n<div class=\"wp-block-column\">\n<figure class=\"wp-block-image size-large is-resized\"><img loading=\"lazy\" src=\"http:\/\/utt.com.tr\/en\/wp-content\/uploads\/sites\/2\/2020\/05\/Quartz-Disc.jpg\" alt=\"\" class=\"wp-image-239\" width=\"205\" height=\"181\" \/><\/figure>\n\n\n\n<p><\/p>\n<\/div>\n<\/div>\n\n\n\n<figure class=\"wp-block-image size-large is-resized\"><img loading=\"lazy\" src=\"http:\/\/utt.com.tr\/en\/wp-content\/uploads\/sites\/2\/2020\/05\/quartz-glass-02.jpg\" alt=\"\" class=\"wp-image-161\" width=\"273\" height=\"367\" srcset=\"https:\/\/utt.com.tr\/en\/wp-content\/uploads\/sites\/2\/2020\/05\/quartz-glass-02.jpg 232w, https:\/\/utt.com.tr\/en\/wp-content\/uploads\/sites\/2\/2020\/05\/quartz-glass-02-223x300.jpg 223w\" sizes=\"(max-width: 273px) 100vw, 273px\" \/><\/figure>\n\n\n\n<p><strong>Daha fazla bilgi edinmek i\u00e7in l\u00fctfen bizi aray\u0131n\u0131z.<br><\/strong><a href=\"mailto:info@utt.com.tr\">info@utt.com.tr<\/a><\/p>\n","protected":false},"excerpt":{"rendered":"<p>\u00d6zellikler Y\u00fcksek kalitede sentetik silica Y\u00fcksek kalitede fused (erimi\u015f) quartz \u00c7ok y\u00fcksek dereceli \u00e7al\u0131\u015fma ortamlar\u0131nda&nbsp;(1.200 \u00baC ye kadar) m\u00fckemmel g\u00f6zetleme cam\u0131 Ola\u011fan\u00fcst\u00fc UV ge\u00e7irgenli\u011fi&nbsp;(mesela su ar\u0131tma sistemleri i\u00e7in) Daha fazla bilgi edinmek i\u00e7in l\u00fctfen bizi aray\u0131n\u0131z.info@utt.com.tr<\/p>\n","protected":false},"author":1,"featured_media":0,"parent":0,"menu_order":0,"comment_status":"closed","ping_status":"closed","template":"","meta":[],"_links":{"self":[{"href":"https:\/\/utt.com.tr\/en\/wp-json\/wp\/v2\/pages\/157"}],"collection":[{"href":"https:\/\/utt.com.tr\/en\/wp-json\/wp\/v2\/pages"}],"about":[{"href":"https:\/\/utt.com.tr\/en\/wp-json\/wp\/v2\/types\/page"}],"author":[{"embeddable":true,"href":"https:\/\/utt.com.tr\/en\/wp-json\/wp\/v2\/users\/1"}],"replies":[{"embeddable":true,"href":"https:\/\/utt.com.tr\/en\/wp-json\/wp\/v2\/comments?post=157"}],"version-history":[{"count":0,"href":"https:\/\/utt.com.tr\/en\/wp-json\/wp\/v2\/pages\/157\/revisions"}],"wp:attachment":[{"href":"https:\/\/utt.com.tr\/en\/wp-json\/wp\/v2\/media?parent=157"}],"curies":[{"name":"wp","href":"https:\/\/api.w.org\/{rel}","templated":true}]}}