{"id":163,"date":"2020-05-23T15:01:18","date_gmt":"2020-05-23T12:01:18","guid":{"rendered":"http:\/\/utt.com.tr\/?page_id=163"},"modified":"2020-05-23T15:01:18","modified_gmt":"2020-05-23T12:01:18","slug":"cnc-tezgahlari-icin-koruma-ve-gozetleme-camlari","status":"publish","type":"page","link":"https:\/\/utt.com.tr\/en\/cnc-tezgahlari-icin-koruma-ve-gozetleme-camlari\/","title":{"rendered":"CNC tezgahlar\u0131 i\u00e7in koruma ve g\u00f6zetleme camlar\u0131"},"content":{"rendered":"\n<figure class=\"wp-block-image alignfull size-large\"><img loading=\"lazy\" width=\"1024\" height=\"276\" src=\"http:\/\/utt.com.tr\/en\/wp-content\/uploads\/sites\/2\/2020\/05\/cnc-1024x276.jpg\" alt=\"\" class=\"wp-image-164\" srcset=\"https:\/\/utt.com.tr\/en\/wp-content\/uploads\/sites\/2\/2020\/05\/cnc-1024x276.jpg 1024w, https:\/\/utt.com.tr\/en\/wp-content\/uploads\/sites\/2\/2020\/05\/cnc-300x81.jpg 300w, https:\/\/utt.com.tr\/en\/wp-content\/uploads\/sites\/2\/2020\/05\/cnc-768x207.jpg 768w, https:\/\/utt.com.tr\/en\/wp-content\/uploads\/sites\/2\/2020\/05\/cnc.jpg 1037w\" sizes=\"(max-width: 1024px) 100vw, 1024px\" \/><\/figure>\n\n\n\n<h3>\u00d6zellikler<\/h3>\n\n\n\n<ul><li>\u00d6zel imalat &#8220;Safety glass&#8221; (emniyet cam\u0131)<\/li><li>Her iki y\u00fczeyinde cam olmas\u0131 neticesinde m\u00fckemmel g\u00f6r\u00fcnt\u00fc<\/li><li>&#8220;Organik&#8221; muadilleri hemen \u00e7izilerek cam y\u00fczeyinin&nbsp;kirlenmesine ve g\u00f6r\u00fc\u015f\u00fcn engellenmesine sebebiyet&nbsp;<br>verirken, bu cam tezgah i\u00e7 y\u00fczeyine bakan \u00f6zel emniyet&nbsp;cam\u0131 sayesinde aylar s\u00fcren net g\u00f6r\u00fc\u015f sa\u011flamaktad\u0131r.<\/li><\/ul>\n\n\n\n<figure class=\"wp-block-image size-large\"><img loading=\"lazy\" width=\"391\" height=\"260\" src=\"http:\/\/utt.com.tr\/en\/wp-content\/uploads\/sites\/2\/2020\/05\/cnc-02.jpg\" alt=\"\" class=\"wp-image-165\" srcset=\"https:\/\/utt.com.tr\/en\/wp-content\/uploads\/sites\/2\/2020\/05\/cnc-02.jpg 391w, https:\/\/utt.com.tr\/en\/wp-content\/uploads\/sites\/2\/2020\/05\/cnc-02-300x199.jpg 300w\" sizes=\"(max-width: 391px) 100vw, 391px\" \/><\/figure>\n\n\n\n<p><strong>Daha fazla bilgi edinmek i\u00e7in l\u00fctfen bizi aray\u0131n\u0131z.<\/strong><strong><br><\/strong><a href=\"mailto:info@utt.com.tr\">info@utt.com.tr<\/a><\/p>\n","protected":false},"excerpt":{"rendered":"<p>\u00d6zellikler \u00d6zel imalat &#8220;Safety glass&#8221; (emniyet cam\u0131) Her iki y\u00fczeyinde cam olmas\u0131 neticesinde m\u00fckemmel g\u00f6r\u00fcnt\u00fc &#8220;Organik&#8221; muadilleri hemen \u00e7izilerek cam y\u00fczeyinin&nbsp;kirlenmesine ve g\u00f6r\u00fc\u015f\u00fcn engellenmesine sebebiyet&nbsp;verirken, bu cam tezgah i\u00e7 y\u00fczeyine bakan \u00f6zel emniyet&nbsp;cam\u0131 sayesinde aylar s\u00fcren net g\u00f6r\u00fc\u015f sa\u011flamaktad\u0131r. Daha fazla bilgi edinmek i\u00e7in l\u00fctfen bizi aray\u0131n\u0131z.info@utt.com.tr<\/p>\n","protected":false},"author":1,"featured_media":0,"parent":0,"menu_order":0,"comment_status":"closed","ping_status":"closed","template":"","meta":[],"_links":{"self":[{"href":"https:\/\/utt.com.tr\/en\/wp-json\/wp\/v2\/pages\/163"}],"collection":[{"href":"https:\/\/utt.com.tr\/en\/wp-json\/wp\/v2\/pages"}],"about":[{"href":"https:\/\/utt.com.tr\/en\/wp-json\/wp\/v2\/types\/page"}],"author":[{"embeddable":true,"href":"https:\/\/utt.com.tr\/en\/wp-json\/wp\/v2\/users\/1"}],"replies":[{"embeddable":true,"href":"https:\/\/utt.com.tr\/en\/wp-json\/wp\/v2\/comments?post=163"}],"version-history":[{"count":0,"href":"https:\/\/utt.com.tr\/en\/wp-json\/wp\/v2\/pages\/163\/revisions"}],"wp:attachment":[{"href":"https:\/\/utt.com.tr\/en\/wp-json\/wp\/v2\/media?parent=163"}],"curies":[{"name":"wp","href":"https:\/\/api.w.org\/{rel}","templated":true}]}}