{"id":169,"date":"2020-05-23T15:15:07","date_gmt":"2020-05-23T12:15:07","guid":{"rendered":"http:\/\/utt.com.tr\/?page_id=169"},"modified":"2020-05-23T15:15:07","modified_gmt":"2020-05-23T12:15:07","slug":"kazan-gozetleme-camlari","status":"publish","type":"page","link":"https:\/\/utt.com.tr\/en\/kazan-gozetleme-camlari\/","title":{"rendered":"Kazan g\u00f6zetleme camlar\u0131"},"content":{"rendered":"\n<figure class=\"wp-block-image alignfull size-large\"><img loading=\"lazy\" width=\"1024\" height=\"276\" src=\"http:\/\/utt.com.tr\/en\/wp-content\/uploads\/sites\/2\/2020\/05\/kazan-01-1024x276.jpg\" alt=\"\" class=\"wp-image-170\" srcset=\"https:\/\/utt.com.tr\/en\/wp-content\/uploads\/sites\/2\/2020\/05\/kazan-01-1024x276.jpg 1024w, https:\/\/utt.com.tr\/en\/wp-content\/uploads\/sites\/2\/2020\/05\/kazan-01-300x81.jpg 300w, https:\/\/utt.com.tr\/en\/wp-content\/uploads\/sites\/2\/2020\/05\/kazan-01-768x207.jpg 768w, https:\/\/utt.com.tr\/en\/wp-content\/uploads\/sites\/2\/2020\/05\/kazan-01.jpg 1037w\" sizes=\"(max-width: 1024px) 100vw, 1024px\" \/><\/figure>\n\n\n\n<h3>\u00d6zellikler<\/h3>\n\n\n\n<ul><li>DIN 7080 kalitesinde borosilikat g\u00f6zetleme camlar\u0131<\/li><li>Komple g\u00f6zetleme \u00fcniteleri (cam ve metal aksam\u0131 dahil)<\/li><li>I\u015f\u0131kland\u0131rmal\u0131 ve \/ veya silecekli &#8220;\u00e7ift tarafl\u0131&#8221; modeller<\/li><li>K\u00fc\u00e7\u00fck \u00f6l\u00e7ekli sanayilerden en b\u00fcy\u00fck tersanelere kadar her t\u00fcrl\u00fc end\u00fcstriyel ama\u00e7la kullan\u0131labilen ABS ve Lloyd sertifikal\u0131 g\u00f6zetleme camlar\u0131<\/li><li>\u00c7ok \u00e7e\u015fitli \u00e7ap ve kal\u0131nl\u0131klarda \u00fcretilmektedir<\/li><\/ul>\n\n\n\n<figure class=\"wp-block-image size-large is-resized\"><img loading=\"lazy\" src=\"http:\/\/utt.com.tr\/en\/wp-content\/uploads\/sites\/2\/2020\/05\/Sight-Glass-DIN-7080-1024x658.jpg\" alt=\"\" class=\"wp-image-245\" width=\"507\" height=\"325\" srcset=\"https:\/\/utt.com.tr\/en\/wp-content\/uploads\/sites\/2\/2020\/05\/Sight-Glass-DIN-7080-1024x658.jpg 1024w, https:\/\/utt.com.tr\/en\/wp-content\/uploads\/sites\/2\/2020\/05\/Sight-Glass-DIN-7080-300x193.jpg 300w, https:\/\/utt.com.tr\/en\/wp-content\/uploads\/sites\/2\/2020\/05\/Sight-Glass-DIN-7080-768x494.jpg 768w, https:\/\/utt.com.tr\/en\/wp-content\/uploads\/sites\/2\/2020\/05\/Sight-Glass-DIN-7080.jpg 1092w\" sizes=\"(max-width: 507px) 100vw, 507px\" \/><\/figure>\n\n\n\n<figure class=\"wp-block-image size-large\"><a href=\"http:\/\/utt.com.tr\/en\/wp-content\/uploads\/sites\/2\/2020\/05\/sight_glass.pdf\" target=\"_blank\" rel=\"noopener noreferrer\"><img loading=\"lazy\" width=\"115\" height=\"155\" src=\"http:\/\/utt.com.tr\/en\/wp-content\/uploads\/sites\/2\/2020\/05\/sight_glass.gif\" alt=\"\" class=\"wp-image-171\" \/><\/a><\/figure>\n\n\n\n<p><strong>Daha fazla bilgi edinmek i\u00e7in l\u00fctfen bizi aray\u0131n\u0131z.<\/strong><a href=\"mailto:info@utt.com.tr\"><br><\/a><a href=\"mailto:info@utt.com.tr\">info@utt.com.tr<\/a><\/p>\n","protected":false},"excerpt":{"rendered":"<p>\u00d6zellikler DIN 7080 kalitesinde borosilikat g\u00f6zetleme camlar\u0131 Komple g\u00f6zetleme \u00fcniteleri (cam ve metal aksam\u0131 dahil) I\u015f\u0131kland\u0131rmal\u0131 ve \/ veya silecekli &#8220;\u00e7ift tarafl\u0131&#8221; modeller K\u00fc\u00e7\u00fck \u00f6l\u00e7ekli sanayilerden en b\u00fcy\u00fck tersanelere kadar her t\u00fcrl\u00fc end\u00fcstriyel ama\u00e7la kullan\u0131labilen ABS ve Lloyd sertifikal\u0131 g\u00f6zetleme camlar\u0131 \u00c7ok \u00e7e\u015fitli \u00e7ap ve kal\u0131nl\u0131klarda \u00fcretilmektedir Daha fazla bilgi edinmek i\u00e7in l\u00fctfen bizi aray\u0131n\u0131z.info@utt.com.tr<\/p>\n","protected":false},"author":1,"featured_media":0,"parent":0,"menu_order":0,"comment_status":"closed","ping_status":"closed","template":"","meta":[],"_links":{"self":[{"href":"https:\/\/utt.com.tr\/en\/wp-json\/wp\/v2\/pages\/169"}],"collection":[{"href":"https:\/\/utt.com.tr\/en\/wp-json\/wp\/v2\/pages"}],"about":[{"href":"https:\/\/utt.com.tr\/en\/wp-json\/wp\/v2\/types\/page"}],"author":[{"embeddable":true,"href":"https:\/\/utt.com.tr\/en\/wp-json\/wp\/v2\/users\/1"}],"replies":[{"embeddable":true,"href":"https:\/\/utt.com.tr\/en\/wp-json\/wp\/v2\/comments?post=169"}],"version-history":[{"count":0,"href":"https:\/\/utt.com.tr\/en\/wp-json\/wp\/v2\/pages\/169\/revisions"}],"wp:attachment":[{"href":"https:\/\/utt.com.tr\/en\/wp-json\/wp\/v2\/media?parent=169"}],"curies":[{"name":"wp","href":"https:\/\/api.w.org\/{rel}","templated":true}]}}