{"id":175,"date":"2020-05-23T15:26:49","date_gmt":"2020-05-23T12:26:49","guid":{"rendered":"http:\/\/utt.com.tr\/?page_id=175"},"modified":"2020-05-23T15:26:49","modified_gmt":"2020-05-23T12:26:49","slug":"kazan-su-seviye-gosterge-camlari","status":"publish","type":"page","link":"https:\/\/utt.com.tr\/en\/kazan-su-seviye-gosterge-camlari\/","title":{"rendered":"Kazan, su seviye g\u00f6sterge camlar\u0131"},"content":{"rendered":"\n<figure class=\"wp-block-image alignfull size-large\"><img loading=\"lazy\" width=\"1024\" height=\"276\" src=\"http:\/\/utt.com.tr\/en\/wp-content\/uploads\/sites\/2\/2020\/05\/water.01-1024x276.jpg\" alt=\"\" class=\"wp-image-176\" srcset=\"https:\/\/utt.com.tr\/en\/wp-content\/uploads\/sites\/2\/2020\/05\/water.01-1024x276.jpg 1024w, https:\/\/utt.com.tr\/en\/wp-content\/uploads\/sites\/2\/2020\/05\/water.01-300x81.jpg 300w, https:\/\/utt.com.tr\/en\/wp-content\/uploads\/sites\/2\/2020\/05\/water.01-768x207.jpg 768w, https:\/\/utt.com.tr\/en\/wp-content\/uploads\/sites\/2\/2020\/05\/water.01.jpg 1037w\" sizes=\"(max-width: 1024px) 100vw, 1024px\" \/><\/figure>\n\n\n\n<p>DIN 7081 kalitesinde &#8220;refleks&#8221; (t\u0131rt\u0131ll\u0131) ve &#8220;transparan&#8221; (d\u00fcz) borosilikat g\u00f6zetleme camlar\u0131 standart olarak \u00e7e\u015fitli ebatlarda \u00fcretilmesinin yan\u0131nda talep \u00fczerine \u00f6zel ebatlarda da \u00fcretilmektedir.<\/p>\n\n\n\n<figure class=\"wp-block-image size-large is-resized\"><img loading=\"lazy\" src=\"http:\/\/utt.com.tr\/en\/wp-content\/uploads\/sites\/2\/2020\/05\/DIN-7081-1024x683.jpg\" alt=\"\" class=\"wp-image-231\" width=\"602\" height=\"401\" srcset=\"https:\/\/utt.com.tr\/en\/wp-content\/uploads\/sites\/2\/2020\/05\/DIN-7081-1024x683.jpg 1024w, https:\/\/utt.com.tr\/en\/wp-content\/uploads\/sites\/2\/2020\/05\/DIN-7081-300x200.jpg 300w, https:\/\/utt.com.tr\/en\/wp-content\/uploads\/sites\/2\/2020\/05\/DIN-7081-768x512.jpg 768w, https:\/\/utt.com.tr\/en\/wp-content\/uploads\/sites\/2\/2020\/05\/DIN-7081-1200x800.jpg 1200w, https:\/\/utt.com.tr\/en\/wp-content\/uploads\/sites\/2\/2020\/05\/DIN-7081.jpg 1350w\" sizes=\"(max-width: 602px) 100vw, 602px\" \/><\/figure>\n\n\n\n<figure class=\"wp-block-image size-large\"><a href=\"http:\/\/utt.com.tr\/en\/wp-content\/uploads\/sites\/2\/2020\/05\/level_gauge.pdf\" target=\"_blank\" rel=\"noopener noreferrer\"><img loading=\"lazy\" width=\"115\" height=\"155\" src=\"http:\/\/utt.com.tr\/en\/wp-content\/uploads\/sites\/2\/2020\/05\/level_gauge.gif\" alt=\"\" class=\"wp-image-177\" \/><\/a><\/figure>\n\n\n\n<p><strong>Daha fazla bilgi edinmek i\u00e7in l\u00fctfen bizi aray\u0131n\u0131z.<\/strong><a href=\"mailto:info@utt.com.tr\"><br>info@utt.com.tr<\/a><\/p>\n","protected":false},"excerpt":{"rendered":"<p>DIN 7081 kalitesinde &#8220;refleks&#8221; (t\u0131rt\u0131ll\u0131) ve &#8220;transparan&#8221; (d\u00fcz) borosilikat g\u00f6zetleme camlar\u0131 standart olarak \u00e7e\u015fitli ebatlarda \u00fcretilmesinin yan\u0131nda talep \u00fczerine \u00f6zel ebatlarda da \u00fcretilmektedir. Daha fazla bilgi edinmek i\u00e7in l\u00fctfen bizi aray\u0131n\u0131z.info@utt.com.tr<\/p>\n","protected":false},"author":1,"featured_media":0,"parent":0,"menu_order":0,"comment_status":"closed","ping_status":"closed","template":"","meta":[],"_links":{"self":[{"href":"https:\/\/utt.com.tr\/en\/wp-json\/wp\/v2\/pages\/175"}],"collection":[{"href":"https:\/\/utt.com.tr\/en\/wp-json\/wp\/v2\/pages"}],"about":[{"href":"https:\/\/utt.com.tr\/en\/wp-json\/wp\/v2\/types\/page"}],"author":[{"embeddable":true,"href":"https:\/\/utt.com.tr\/en\/wp-json\/wp\/v2\/users\/1"}],"replies":[{"embeddable":true,"href":"https:\/\/utt.com.tr\/en\/wp-json\/wp\/v2\/comments?post=175"}],"version-history":[{"count":0,"href":"https:\/\/utt.com.tr\/en\/wp-json\/wp\/v2\/pages\/175\/revisions"}],"wp:attachment":[{"href":"https:\/\/utt.com.tr\/en\/wp-json\/wp\/v2\/media?parent=175"}],"curies":[{"name":"wp","href":"https:\/\/api.w.org\/{rel}","templated":true}]}}