{"id":181,"date":"2020-05-23T15:33:55","date_gmt":"2020-05-23T12:33:55","guid":{"rendered":"http:\/\/utt.com.tr\/?page_id=181"},"modified":"2020-05-23T15:33:55","modified_gmt":"2020-05-23T12:33:55","slug":"mika","status":"publish","type":"page","link":"https:\/\/utt.com.tr\/en\/mika\/","title":{"rendered":"Mika"},"content":{"rendered":"\n<figure class=\"wp-block-image alignfull size-large\"><img loading=\"lazy\" width=\"1024\" height=\"276\" src=\"http:\/\/utt.com.tr\/en\/wp-content\/uploads\/sites\/2\/2020\/05\/glasscloseup-01-1024x276.jpg\" alt=\"\" class=\"wp-image-182\" srcset=\"https:\/\/utt.com.tr\/en\/wp-content\/uploads\/sites\/2\/2020\/05\/glasscloseup-01-1024x276.jpg 1024w, https:\/\/utt.com.tr\/en\/wp-content\/uploads\/sites\/2\/2020\/05\/glasscloseup-01-300x81.jpg 300w, https:\/\/utt.com.tr\/en\/wp-content\/uploads\/sites\/2\/2020\/05\/glasscloseup-01-768x207.jpg 768w, https:\/\/utt.com.tr\/en\/wp-content\/uploads\/sites\/2\/2020\/05\/glasscloseup-01.jpg 1037w\" sizes=\"(max-width: 1024px) 100vw, 1024px\" \/><\/figure>\n\n\n\n<h3>\u00d6zellikler<\/h3>\n\n\n\n<ul><li>En iyi eletrik yal\u0131tkan\u0131<\/li><li>M\u00fckemmel \u0131s\u0131 mukavemeti<\/li><li>Y\u00fcksek s\u0131k\u0131\u015ft\u0131rma (kompres)\u00a0ve b\u00fck\u00fclme (flexural) kuvveti<\/li><li>\u0130yi \u015feffafl\u0131k (transparan)<\/li><li>Asit ve za\u011fa mukavemet<\/li><li>Suya ge\u00e7irmezli\u011fi ve rutubete\u00a0mukavemet<\/li><li>1 \/ 100 mm&#8217;ye kadar inceltilen\u00a0kal\u0131nl\u0131kta<\/li><li>Y\u00fcksek bas\u0131n\u00e7 buhar hatlar\u0131nda cam korumas\u0131 olarak m\u00fckemmel kullan\u0131m<\/li><\/ul>\n\n\n\n<p><strong>Daha fazla bilgi edinmek i\u00e7in l\u00fctfen bizi aray\u0131n\u0131z.<\/strong><a href=\"mailto:info@utt.com.tr\"><br><\/a><a href=\"mailto:info@utt.com.tr\">info@utt.com.tr<\/a><\/p>\n","protected":false},"excerpt":{"rendered":"<p>\u00d6zellikler En iyi eletrik yal\u0131tkan\u0131 M\u00fckemmel \u0131s\u0131 mukavemeti Y\u00fcksek s\u0131k\u0131\u015ft\u0131rma (kompres)\u00a0ve b\u00fck\u00fclme (flexural) kuvveti \u0130yi \u015feffafl\u0131k (transparan) Asit ve za\u011fa mukavemet Suya ge\u00e7irmezli\u011fi ve rutubete\u00a0mukavemet 1 \/ 100 mm&#8217;ye kadar inceltilen\u00a0kal\u0131nl\u0131kta Y\u00fcksek bas\u0131n\u00e7 buhar hatlar\u0131nda cam korumas\u0131 olarak m\u00fckemmel kullan\u0131m Daha fazla bilgi edinmek i\u00e7in l\u00fctfen bizi aray\u0131n\u0131z.info@utt.com.tr<\/p>\n","protected":false},"author":1,"featured_media":0,"parent":0,"menu_order":0,"comment_status":"closed","ping_status":"closed","template":"","meta":[],"_links":{"self":[{"href":"https:\/\/utt.com.tr\/en\/wp-json\/wp\/v2\/pages\/181"}],"collection":[{"href":"https:\/\/utt.com.tr\/en\/wp-json\/wp\/v2\/pages"}],"about":[{"href":"https:\/\/utt.com.tr\/en\/wp-json\/wp\/v2\/types\/page"}],"author":[{"embeddable":true,"href":"https:\/\/utt.com.tr\/en\/wp-json\/wp\/v2\/users\/1"}],"replies":[{"embeddable":true,"href":"https:\/\/utt.com.tr\/en\/wp-json\/wp\/v2\/comments?post=181"}],"version-history":[{"count":0,"href":"https:\/\/utt.com.tr\/en\/wp-json\/wp\/v2\/pages\/181\/revisions"}],"wp:attachment":[{"href":"https:\/\/utt.com.tr\/en\/wp-json\/wp\/v2\/media?parent=181"}],"curies":[{"name":"wp","href":"https:\/\/api.w.org\/{rel}","templated":true}]}}