{"id":197,"date":"2020-05-23T16:12:50","date_gmt":"2020-05-23T13:12:50","guid":{"rendered":"http:\/\/utt.com.tr\/?page_id=197"},"modified":"2020-05-23T16:12:50","modified_gmt":"2020-05-23T13:12:50","slug":"soba-camlari","status":"publish","type":"page","link":"https:\/\/utt.com.tr\/en\/soba-camlari\/","title":{"rendered":"Soba camlar\u0131"},"content":{"rendered":"\n<figure class=\"wp-block-image alignfull size-large\"><img loading=\"lazy\" width=\"1024\" height=\"276\" src=\"http:\/\/utt.com.tr\/en\/wp-content\/uploads\/sites\/2\/2020\/05\/stove-01-1024x276.jpg\" alt=\"\" class=\"wp-image-198\" srcset=\"https:\/\/utt.com.tr\/en\/wp-content\/uploads\/sites\/2\/2020\/05\/stove-01-1024x276.jpg 1024w, https:\/\/utt.com.tr\/en\/wp-content\/uploads\/sites\/2\/2020\/05\/stove-01-300x81.jpg 300w, https:\/\/utt.com.tr\/en\/wp-content\/uploads\/sites\/2\/2020\/05\/stove-01-768x207.jpg 768w, https:\/\/utt.com.tr\/en\/wp-content\/uploads\/sites\/2\/2020\/05\/stove-01.jpg 1037w\" sizes=\"(max-width: 1024px) 100vw, 1024px\" \/><\/figure>\n\n\n\n<h3>\u00d6zellikler<\/h3>\n\n\n\n<ul><li>\u00c7ok d\u00fc\u015f\u00fck termal genle\u015fme; (20 &#8211; 700 \u00baC) = (0,0 +\/- 0,3) x 10-<sup>6<\/sup>&nbsp;K-<sup>1<\/sup><\/li><li>700 \u00baC derecede termal \u015foka dayan\u0131kl\u0131 (bir y\u00fczey 700 \u00baC \u0131s\u0131da iken&nbsp;di\u011fer y\u00fczeye so\u011fuk su d\u00f6k\u00fcld\u00fc\u011f\u00fcnde k\u0131r\u0131lmayan cam)<\/li><li>Pencereli sobalar\u0131n (k\u00f6m\u00fcr, odun ve do\u011falgaz) \u00f6nlerinde kullan\u0131l\u0131r.<\/li><li>Temperlenmi\u015f soda-lime (\u0131\u015f\u0131l i\u015flem g\u00f6rm\u00fc\u015f pencere cam\u0131) camlar&nbsp;gibi \u00e7al\u0131\u015fma ortam\u0131nda s\u0131caktan k\u0131r\u0131l\u0131p etrafa da\u011f\u0131larak ortamdakilere&nbsp;zarar vermez.<\/li><li>Bak\u0131ra yak\u0131n s\u0131cakl\u0131k iletkenli\u011fi sayesinde \u015f\u00f6minedeki \u0131s\u0131n\u0131n ortama&nbsp;rahat\u00e7a yay\u0131lmas\u0131n\u0131 sa\u011flar.<\/li><\/ul>\n\n\n\n<p><strong>Daha fazla bilgi edinmek i\u00e7in l\u00fctfen bizi aray\u0131n\u0131z.<\/strong><strong><br><\/strong><a href=\"mailto:info@utt.com.tr\">info@utt.com.tr<\/a><\/p>\n","protected":false},"excerpt":{"rendered":"<p>\u00d6zellikler \u00c7ok d\u00fc\u015f\u00fck termal genle\u015fme; (20 &#8211; 700 \u00baC) = (0,0 +\/- 0,3) x 10-6&nbsp;K-1 700 \u00baC derecede termal \u015foka dayan\u0131kl\u0131 (bir y\u00fczey 700 \u00baC \u0131s\u0131da iken&nbsp;di\u011fer y\u00fczeye so\u011fuk su d\u00f6k\u00fcld\u00fc\u011f\u00fcnde k\u0131r\u0131lmayan cam) Pencereli sobalar\u0131n (k\u00f6m\u00fcr, odun ve do\u011falgaz) \u00f6nlerinde kullan\u0131l\u0131r. Temperlenmi\u015f soda-lime (\u0131\u015f\u0131l i\u015flem g\u00f6rm\u00fc\u015f pencere cam\u0131) camlar&nbsp;gibi \u00e7al\u0131\u015fma ortam\u0131nda s\u0131caktan k\u0131r\u0131l\u0131p etrafa da\u011f\u0131larak [&hellip;]<\/p>\n","protected":false},"author":1,"featured_media":0,"parent":0,"menu_order":0,"comment_status":"closed","ping_status":"closed","template":"","meta":[],"_links":{"self":[{"href":"https:\/\/utt.com.tr\/en\/wp-json\/wp\/v2\/pages\/197"}],"collection":[{"href":"https:\/\/utt.com.tr\/en\/wp-json\/wp\/v2\/pages"}],"about":[{"href":"https:\/\/utt.com.tr\/en\/wp-json\/wp\/v2\/types\/page"}],"author":[{"embeddable":true,"href":"https:\/\/utt.com.tr\/en\/wp-json\/wp\/v2\/users\/1"}],"replies":[{"embeddable":true,"href":"https:\/\/utt.com.tr\/en\/wp-json\/wp\/v2\/comments?post=197"}],"version-history":[{"count":0,"href":"https:\/\/utt.com.tr\/en\/wp-json\/wp\/v2\/pages\/197\/revisions"}],"wp:attachment":[{"href":"https:\/\/utt.com.tr\/en\/wp-json\/wp\/v2\/media?parent=197"}],"curies":[{"name":"wp","href":"https:\/\/api.w.org\/{rel}","templated":true}]}}