{"id":200,"date":"2020-05-23T16:20:39","date_gmt":"2020-05-23T13:20:39","guid":{"rendered":"http:\/\/utt.com.tr\/?page_id=200"},"modified":"2020-05-23T16:20:39","modified_gmt":"2020-05-23T13:20:39","slug":"doner-makinalari-ve-ocakbasi-tezgahlari","status":"publish","type":"page","link":"https:\/\/utt.com.tr\/en\/doner-makinalari-ve-ocakbasi-tezgahlari\/","title":{"rendered":"D\u00f6ner makinalar\u0131 ve ocakba\u015f\u0131 tezgahlar\u0131"},"content":{"rendered":"\n<figure class=\"wp-block-image alignfull size-large\"><img loading=\"lazy\" width=\"1024\" height=\"276\" src=\"http:\/\/utt.com.tr\/en\/wp-content\/uploads\/sites\/2\/2020\/05\/kebap-1024x276.jpg\" alt=\"\" class=\"wp-image-201\" srcset=\"https:\/\/utt.com.tr\/en\/wp-content\/uploads\/sites\/2\/2020\/05\/kebap-1024x276.jpg 1024w, https:\/\/utt.com.tr\/en\/wp-content\/uploads\/sites\/2\/2020\/05\/kebap-300x81.jpg 300w, https:\/\/utt.com.tr\/en\/wp-content\/uploads\/sites\/2\/2020\/05\/kebap-768x207.jpg 768w, https:\/\/utt.com.tr\/en\/wp-content\/uploads\/sites\/2\/2020\/05\/kebap.jpg 1037w\" sizes=\"(max-width: 1024px) 100vw, 1024px\" \/><\/figure>\n\n\n\n<h3>\u00d6zellikler<\/h3>\n\n\n\n<ul><li>\u00c7ok d\u00fc\u015f\u00fck termal genle\u015fme; (20 &#8211; 700 \u00baC) = (0,0 +\/- 0,3) x 10-<sup>6<\/sup>&nbsp;K-<sup>1<\/sup><\/li><li>700 \u00baC derecede termal \u015foka dayan\u0131kl\u0131 (bir y\u00fczey 700 \u00baC \u0131s\u0131da iken di\u011fer y\u00fczeye so\u011fuk su d\u00f6k\u00fcld\u00fc\u011f\u00fcnde k\u0131r\u0131lmayan cam)&nbsp;<\/li><li>Elektrik, gaz, odun ve k\u00f6m\u00fcr ile \u00e7al\u0131\u015fan d\u00f6ner makinalar\u0131nda kullan\u0131l\u0131r,<\/li><li>Alevin direk olarak d\u00f6ner etine temas\u0131n\u0131 \u00f6nleyerek yiyecekleri kansorejen&nbsp;ortamdan kurtar\u0131r.<\/li><li>Ocakba\u015f\u0131 tezgahlar\u0131nda \u00f6zel IR kaplamal\u0131 olarak kullan\u0131larak m\u00fc\u015fterilerin s\u0131caktan rahats\u0131z olmas\u0131n\u0131 \u00f6nler.<\/li><li>Temperlenmi\u015f soda-lime (\u0131\u015f\u0131l i\u015flem g\u00f6rm\u00fc\u015f pencere cam\u0131) camlar gibi&nbsp;\u00e7al\u0131\u015fma ortam\u0131nda s\u0131caktan k\u0131r\u0131l\u0131p etrafa da\u011f\u0131larak ortamdakilere zarar&nbsp;vermez.<\/li><li>Bak\u0131ra yak\u0131n s\u0131cakl\u0131k iletkenli\u011fi sayesinde \u015f\u00f6minedeki \u0131s\u0131n\u0131n ortama&nbsp;rahat\u00e7a yay\u0131lmas\u0131n\u0131 sa\u011flar.<\/li><\/ul>\n\n\n\n<p><strong>Daha fazla bilgi edinmek i\u00e7in l\u00fctfen bizi aray\u0131n\u0131z.<br><\/strong><a href=\"mailto:info@utt.com.tr\">info@utt.com.tr<\/a><\/p>\n","protected":false},"excerpt":{"rendered":"<p>\u00d6zellikler \u00c7ok d\u00fc\u015f\u00fck termal genle\u015fme; (20 &#8211; 700 \u00baC) = (0,0 +\/- 0,3) x 10-6&nbsp;K-1 700 \u00baC derecede termal \u015foka dayan\u0131kl\u0131 (bir y\u00fczey 700 \u00baC \u0131s\u0131da iken di\u011fer y\u00fczeye so\u011fuk su d\u00f6k\u00fcld\u00fc\u011f\u00fcnde k\u0131r\u0131lmayan cam)&nbsp; Elektrik, gaz, odun ve k\u00f6m\u00fcr ile \u00e7al\u0131\u015fan d\u00f6ner makinalar\u0131nda kullan\u0131l\u0131r, Alevin direk olarak d\u00f6ner etine temas\u0131n\u0131 \u00f6nleyerek yiyecekleri kansorejen&nbsp;ortamdan kurtar\u0131r. Ocakba\u015f\u0131 [&hellip;]<\/p>\n","protected":false},"author":1,"featured_media":0,"parent":0,"menu_order":0,"comment_status":"closed","ping_status":"closed","template":"","meta":[],"_links":{"self":[{"href":"https:\/\/utt.com.tr\/en\/wp-json\/wp\/v2\/pages\/200"}],"collection":[{"href":"https:\/\/utt.com.tr\/en\/wp-json\/wp\/v2\/pages"}],"about":[{"href":"https:\/\/utt.com.tr\/en\/wp-json\/wp\/v2\/types\/page"}],"author":[{"embeddable":true,"href":"https:\/\/utt.com.tr\/en\/wp-json\/wp\/v2\/users\/1"}],"replies":[{"embeddable":true,"href":"https:\/\/utt.com.tr\/en\/wp-json\/wp\/v2\/comments?post=200"}],"version-history":[{"count":0,"href":"https:\/\/utt.com.tr\/en\/wp-json\/wp\/v2\/pages\/200\/revisions"}],"wp:attachment":[{"href":"https:\/\/utt.com.tr\/en\/wp-json\/wp\/v2\/media?parent=200"}],"curies":[{"name":"wp","href":"https:\/\/api.w.org\/{rel}","templated":true}]}}