{"id":205,"date":"2020-05-23T16:28:47","date_gmt":"2020-05-23T13:28:47","guid":{"rendered":"http:\/\/utt.com.tr\/?page_id=205"},"modified":"2020-05-23T16:28:47","modified_gmt":"2020-05-23T13:28:47","slug":"kazan-alev-gozetleme-camlari","status":"publish","type":"page","link":"https:\/\/utt.com.tr\/en\/kazan-alev-gozetleme-camlari\/","title":{"rendered":"Kazan alev g\u00f6zetleme camlar\u0131"},"content":{"rendered":"\n<figure class=\"wp-block-image alignfull size-large\"><img loading=\"lazy\" width=\"1024\" height=\"276\" src=\"http:\/\/utt.com.tr\/en\/wp-content\/uploads\/sites\/2\/2020\/05\/fire-01-1024x276.jpg\" alt=\"\" class=\"wp-image-208\" srcset=\"https:\/\/utt.com.tr\/en\/wp-content\/uploads\/sites\/2\/2020\/05\/fire-01-1024x276.jpg 1024w, https:\/\/utt.com.tr\/en\/wp-content\/uploads\/sites\/2\/2020\/05\/fire-01-300x81.jpg 300w, https:\/\/utt.com.tr\/en\/wp-content\/uploads\/sites\/2\/2020\/05\/fire-01-768x207.jpg 768w, https:\/\/utt.com.tr\/en\/wp-content\/uploads\/sites\/2\/2020\/05\/fire-01.jpg 1037w\" sizes=\"(max-width: 1024px) 100vw, 1024px\" \/><\/figure>\n\n\n\n<h3>\u00d6zellikler<\/h3>\n\n\n\n<ul><li>\u00c7ok d\u00fc\u015f\u00fck termal genle\u015fme; (20 &#8211; 700 \u00baC) = (0,0 +\/- 0,3) x 10-<sup>6<\/sup>&nbsp;K-<sup>1<\/sup><\/li><li>700 \u00baC derecede termal \u015foka dayan\u0131kl\u0131 (bir y\u00fczey 700 \u00baC \u0131s\u0131da iken di\u011fer y\u00fczeye so\u011fuk su d\u00f6k\u00fcld\u00fc\u011f\u00fcnde k\u0131r\u0131lmayan cam)<\/li><li>Kazan, br\u00fcl\u00f6r, kombi ve benzeri ekipmanlarda alev g\u00f6zetlemek i\u00e7in kullan\u0131lan ideal camd\u0131r.<\/li><li>Temperlenmi\u015f soda-lime (\u0131\u015f\u0131l i\u015flem g\u00f6rm\u00fc\u015f pencere cam\u0131) camlar&nbsp;gibi \u00e7al\u0131\u015fma ortam\u0131nda s\u0131caktan k\u0131r\u0131l\u0131p etrafa da\u011f\u0131larak ortamdakilere&nbsp;zarar vermez.<\/li><\/ul>\n\n\n\n<figure class=\"wp-block-image size-large\"><a href=\"http:\/\/utt.com.tr\/en\/wp-content\/uploads\/sites\/2\/2020\/05\/ceramic_sight_glass.pdf\" target=\"_blank\" rel=\"noopener noreferrer\"><img loading=\"lazy\" width=\"116\" height=\"157\" src=\"http:\/\/utt.com.tr\/en\/wp-content\/uploads\/sites\/2\/2020\/05\/ceramic_sight_glass.gif\" alt=\"\" class=\"wp-image-206\" \/><\/a><\/figure>\n\n\n\n<p><strong>Daha fazla bilgi i\u00e7in l\u00fctfen bizimle irtibata ge\u00e7iniz.<\/strong><br><a href=\"mailto:info@utt.com.tr\">info@utt.com.tr<\/a><\/p>\n","protected":false},"excerpt":{"rendered":"<p>\u00d6zellikler \u00c7ok d\u00fc\u015f\u00fck termal genle\u015fme; (20 &#8211; 700 \u00baC) = (0,0 +\/- 0,3) x 10-6&nbsp;K-1 700 \u00baC derecede termal \u015foka dayan\u0131kl\u0131 (bir y\u00fczey 700 \u00baC \u0131s\u0131da iken di\u011fer y\u00fczeye so\u011fuk su d\u00f6k\u00fcld\u00fc\u011f\u00fcnde k\u0131r\u0131lmayan cam) Kazan, br\u00fcl\u00f6r, kombi ve benzeri ekipmanlarda alev g\u00f6zetlemek i\u00e7in kullan\u0131lan ideal camd\u0131r. Temperlenmi\u015f soda-lime (\u0131\u015f\u0131l i\u015flem g\u00f6rm\u00fc\u015f pencere cam\u0131) camlar&nbsp;gibi \u00e7al\u0131\u015fma [&hellip;]<\/p>\n","protected":false},"author":1,"featured_media":0,"parent":0,"menu_order":0,"comment_status":"closed","ping_status":"closed","template":"","meta":[],"_links":{"self":[{"href":"https:\/\/utt.com.tr\/en\/wp-json\/wp\/v2\/pages\/205"}],"collection":[{"href":"https:\/\/utt.com.tr\/en\/wp-json\/wp\/v2\/pages"}],"about":[{"href":"https:\/\/utt.com.tr\/en\/wp-json\/wp\/v2\/types\/page"}],"author":[{"embeddable":true,"href":"https:\/\/utt.com.tr\/en\/wp-json\/wp\/v2\/users\/1"}],"replies":[{"embeddable":true,"href":"https:\/\/utt.com.tr\/en\/wp-json\/wp\/v2\/comments?post=205"}],"version-history":[{"count":0,"href":"https:\/\/utt.com.tr\/en\/wp-json\/wp\/v2\/pages\/205\/revisions"}],"wp:attachment":[{"href":"https:\/\/utt.com.tr\/en\/wp-json\/wp\/v2\/media?parent=205"}],"curies":[{"name":"wp","href":"https:\/\/api.w.org\/{rel}","templated":true}]}}