{"id":211,"date":"2020-05-23T16:35:24","date_gmt":"2020-05-23T13:35:24","guid":{"rendered":"http:\/\/utt.com.tr\/?page_id=211"},"modified":"2020-05-23T16:35:24","modified_gmt":"2020-05-23T13:35:24","slug":"yangin-emniyet-camlari","status":"publish","type":"page","link":"https:\/\/utt.com.tr\/en\/yangin-emniyet-camlari\/","title":{"rendered":"Yang\u0131n emniyet camlar\u0131"},"content":{"rendered":"\n<figure class=\"wp-block-image alignfull size-large\"><img loading=\"lazy\" width=\"1024\" height=\"276\" src=\"http:\/\/utt.com.tr\/en\/wp-content\/uploads\/sites\/2\/2020\/05\/glass-building-1024x276.jpg\" alt=\"\" class=\"wp-image-212\" srcset=\"https:\/\/utt.com.tr\/en\/wp-content\/uploads\/sites\/2\/2020\/05\/glass-building-1024x276.jpg 1024w, https:\/\/utt.com.tr\/en\/wp-content\/uploads\/sites\/2\/2020\/05\/glass-building-300x81.jpg 300w, https:\/\/utt.com.tr\/en\/wp-content\/uploads\/sites\/2\/2020\/05\/glass-building-768x207.jpg 768w, https:\/\/utt.com.tr\/en\/wp-content\/uploads\/sites\/2\/2020\/05\/glass-building.jpg 1037w\" sizes=\"(max-width: 1024px) 100vw, 1024px\" \/><\/figure>\n\n\n\n<h3>\u00d6zellikler<\/h3>\n\n\n\n<ul><li>Emsalsiz d\u00fc\u015f\u00fck termal genle\u015fme<\/li><li>Float cam teknolojisi ile \u00fcretilmesi neticesinde m\u00fckemmel g\u00f6r\u00fcn\u00fcm sa\u011flar<\/li><li>1.200 \u00b0C&#8217;de iki saate kadar dayan\u0131kl\u0131l\u0131k<\/li><li>A s\u0131n\u0131f (class A safety) emniyet notu<\/li><li>\u00c7elik, aluminyum ve ah\u015fap \u00e7er\u00e7eve ile kullan\u0131labilme imkanlar\u0131<\/li><li>Hastahane, havaalan\u0131, g\u00f6kdelenler, s\u00fcpermarketler ve benzeri y\u00fcksek kalite ile in\u015faa edilen t\u00fcm yap\u0131larda<\/li><\/ul>\n\n\n\n<figure class=\"wp-block-image size-large\"><a href=\"http:\/\/utt.com.tr\/en\/wp-content\/uploads\/sites\/2\/2020\/05\/fire_resistant_glass.pdf\" target=\"_blank\" rel=\"noopener noreferrer\"><img loading=\"lazy\" width=\"116\" height=\"157\" src=\"http:\/\/utt.com.tr\/en\/wp-content\/uploads\/sites\/2\/2020\/05\/fireresistant.gif\" alt=\"\" class=\"wp-image-214\" \/><\/a><\/figure>\n\n\n\n<p><strong>Daha fazla bilgi edinmek i\u00e7in l\u00fctfen bizi aray\u0131n\u0131z.<\/strong><br><a href=\"mailto:info@utt.com.tr\">info@utt.com.tr<\/a><\/p>\n","protected":false},"excerpt":{"rendered":"<p>\u00d6zellikler Emsalsiz d\u00fc\u015f\u00fck termal genle\u015fme Float cam teknolojisi ile \u00fcretilmesi neticesinde m\u00fckemmel g\u00f6r\u00fcn\u00fcm sa\u011flar 1.200 \u00b0C&#8217;de iki saate kadar dayan\u0131kl\u0131l\u0131k A s\u0131n\u0131f (class A safety) emniyet notu \u00c7elik, aluminyum ve ah\u015fap \u00e7er\u00e7eve ile kullan\u0131labilme imkanlar\u0131 Hastahane, havaalan\u0131, g\u00f6kdelenler, s\u00fcpermarketler ve benzeri y\u00fcksek kalite ile in\u015faa edilen t\u00fcm yap\u0131larda Daha fazla bilgi edinmek i\u00e7in l\u00fctfen bizi [&hellip;]<\/p>\n","protected":false},"author":1,"featured_media":0,"parent":0,"menu_order":0,"comment_status":"closed","ping_status":"closed","template":"","meta":[],"_links":{"self":[{"href":"https:\/\/utt.com.tr\/en\/wp-json\/wp\/v2\/pages\/211"}],"collection":[{"href":"https:\/\/utt.com.tr\/en\/wp-json\/wp\/v2\/pages"}],"about":[{"href":"https:\/\/utt.com.tr\/en\/wp-json\/wp\/v2\/types\/page"}],"author":[{"embeddable":true,"href":"https:\/\/utt.com.tr\/en\/wp-json\/wp\/v2\/users\/1"}],"replies":[{"embeddable":true,"href":"https:\/\/utt.com.tr\/en\/wp-json\/wp\/v2\/comments?post=211"}],"version-history":[{"count":0,"href":"https:\/\/utt.com.tr\/en\/wp-json\/wp\/v2\/pages\/211\/revisions"}],"wp:attachment":[{"href":"https:\/\/utt.com.tr\/en\/wp-json\/wp\/v2\/media?parent=211"}],"curies":[{"name":"wp","href":"https:\/\/api.w.org\/{rel}","templated":true}]}}