{"id":67,"date":"2020-05-21T21:50:26","date_gmt":"2020-05-21T18:50:26","guid":{"rendered":"http:\/\/utt.com.tr\/?page_id=67"},"modified":"2020-05-21T21:50:26","modified_gmt":"2020-05-21T18:50:26","slug":"isi-olcum-malzemeleri","status":"publish","type":"page","link":"https:\/\/utt.com.tr\/en\/isi-olcum-malzemeleri\/","title":{"rendered":"Is\u0131 \u00f6l\u00e7\u00fcm etiketleri"},"content":{"rendered":"\n<figure class=\"wp-block-image alignfull size-large\"><img loading=\"lazy\" width=\"1024\" height=\"276\" src=\"http:\/\/utt.com.tr\/en\/wp-content\/uploads\/sites\/2\/2020\/05\/sticker-1024x276.jpg\" alt=\"\" class=\"wp-image-109\" srcset=\"https:\/\/utt.com.tr\/en\/wp-content\/uploads\/sites\/2\/2020\/05\/sticker-1024x276.jpg 1024w, https:\/\/utt.com.tr\/en\/wp-content\/uploads\/sites\/2\/2020\/05\/sticker-300x81.jpg 300w, https:\/\/utt.com.tr\/en\/wp-content\/uploads\/sites\/2\/2020\/05\/sticker-768x207.jpg 768w, https:\/\/utt.com.tr\/en\/wp-content\/uploads\/sites\/2\/2020\/05\/sticker.jpg 1037w\" sizes=\"(max-width: 1024px) 100vw, 1024px\" \/><\/figure>\n\n\n\n<p>ISIYA HASSAS ET\u0130KETLER (Termal Ka\u011f\u0131tlar)<\/p>\n\n\n\n<p><strong>Etiketin yap\u0131\u015ft\u0131r\u0131ld\u0131\u011f\u0131 y\u00fczeydeki \u0131s\u0131n\u0131n y\u00fckseli\u015fi \u0131s\u0131ya hassas etiketlerin \u00fczerindeki noktalar beyaz renkten siyaha do\u011fru &#8220;geri d\u00f6n\u00fc\u015f\u00fcms\u00fcz&#8221; olarak de\u011fi\u015fmesiyle kaydedilir.&nbsp;<\/strong><br><br>Etiketler, \u00fczerlerindeki \u0131s\u0131 aral\u0131klar\u0131 say\u0131s\u0131na g\u00f6re 10 de\u011fi\u015fik tipte (10 L, 5 L vs &#8230;) \u00fcretilmektedirler. 40 ile 260 derece aras\u0131ndaki \u0131s\u0131 y\u00fckselmelerini &#8220;geri d\u00f6n\u00fc\u015f\u00fcms\u00fcz&#8221; olarak tesbit etmekte rahat\u00e7a kullan\u0131l\u0131rlar. Kolayca y\u00fczeylere yap\u0131\u015ft\u0131r\u0131labilmeleri i\u00e7in kendilerinden zaml\u0131d\u0131rlar.<\/p>\n\n\n\n<figure class=\"wp-block-image size-large is-resized\"><img loading=\"lazy\" src=\"http:\/\/utt.com.tr\/en\/wp-content\/uploads\/sites\/2\/2020\/05\/temp_sens_sti_01.gif\" alt=\"\" class=\"wp-image-88\" width=\"430\" height=\"308\" \/><\/figure>\n\n\n\n<p>Kolayca yap\u0131\u015ft\u0131r\u0131lan etiketler her \u00e7e\u015fit end\u00fcstrinin \u00fcretim safhalar\u0131nda (tekstil, petrokimya, g\u00fcbre, demir\u00e7elik vs &#8230;) ve TPM projelerinde (mesela elektrik motorunun rulman yataklar\u0131nda) rahatl\u0131kla kullan\u0131labilir.<\/p>\n\n\n\n<p><strong>Daha fazla bilgi edinmek i\u00e7in l\u00fctfen bizi aray\u0131n\u0131z.<br><\/strong><a href=\"mailto:info@utt.com.tr\">info@utt.com.tr<\/a><\/p>\n","protected":false},"excerpt":{"rendered":"<p>ISIYA HASSAS ET\u0130KETLER (Termal Ka\u011f\u0131tlar) Etiketin yap\u0131\u015ft\u0131r\u0131ld\u0131\u011f\u0131 y\u00fczeydeki \u0131s\u0131n\u0131n y\u00fckseli\u015fi \u0131s\u0131ya hassas etiketlerin \u00fczerindeki noktalar beyaz renkten siyaha do\u011fru &#8220;geri d\u00f6n\u00fc\u015f\u00fcms\u00fcz&#8221; olarak de\u011fi\u015fmesiyle kaydedilir.&nbsp; Etiketler, \u00fczerlerindeki \u0131s\u0131 aral\u0131klar\u0131 say\u0131s\u0131na g\u00f6re 10 de\u011fi\u015fik tipte (10 L, 5 L vs &#8230;) \u00fcretilmektedirler. 40 ile 260 derece aras\u0131ndaki \u0131s\u0131 y\u00fckselmelerini &#8220;geri d\u00f6n\u00fc\u015f\u00fcms\u00fcz&#8221; olarak tesbit etmekte rahat\u00e7a kullan\u0131l\u0131rlar. Kolayca [&hellip;]<\/p>\n","protected":false},"author":1,"featured_media":0,"parent":0,"menu_order":0,"comment_status":"closed","ping_status":"closed","template":"","meta":[],"_links":{"self":[{"href":"https:\/\/utt.com.tr\/en\/wp-json\/wp\/v2\/pages\/67"}],"collection":[{"href":"https:\/\/utt.com.tr\/en\/wp-json\/wp\/v2\/pages"}],"about":[{"href":"https:\/\/utt.com.tr\/en\/wp-json\/wp\/v2\/types\/page"}],"author":[{"embeddable":true,"href":"https:\/\/utt.com.tr\/en\/wp-json\/wp\/v2\/users\/1"}],"replies":[{"embeddable":true,"href":"https:\/\/utt.com.tr\/en\/wp-json\/wp\/v2\/comments?post=67"}],"version-history":[{"count":0,"href":"https:\/\/utt.com.tr\/en\/wp-json\/wp\/v2\/pages\/67\/revisions"}],"wp:attachment":[{"href":"https:\/\/utt.com.tr\/en\/wp-json\/wp\/v2\/media?parent=67"}],"curies":[{"name":"wp","href":"https:\/\/api.w.org\/{rel}","templated":true}]}}