{"id":9,"date":"2020-05-21T20:51:00","date_gmt":"2020-05-21T17:51:00","guid":{"rendered":"http:\/\/utt.com.tr\/?page_id=9"},"modified":"2020-05-21T20:51:00","modified_gmt":"2020-05-21T17:51:00","slug":"iletisim","status":"publish","type":"page","link":"https:\/\/utt.com.tr\/en\/iletisim\/","title":{"rendered":"\u0130leti\u015fim"},"content":{"rendered":"\n<figure class=\"wp-block-image alignfull size-large\"><img loading=\"lazy\" width=\"1024\" height=\"276\" src=\"http:\/\/utt.com.tr\/en\/wp-content\/uploads\/sites\/2\/2020\/05\/brainstorming-1024x276.jpg\" alt=\"\" class=\"wp-image-218\" srcset=\"https:\/\/utt.com.tr\/en\/wp-content\/uploads\/sites\/2\/2020\/05\/brainstorming-1024x276.jpg 1024w, https:\/\/utt.com.tr\/en\/wp-content\/uploads\/sites\/2\/2020\/05\/brainstorming-300x81.jpg 300w, https:\/\/utt.com.tr\/en\/wp-content\/uploads\/sites\/2\/2020\/05\/brainstorming-768x207.jpg 768w, https:\/\/utt.com.tr\/en\/wp-content\/uploads\/sites\/2\/2020\/05\/brainstorming.jpg 1037w\" sizes=\"(max-width: 1024px) 100vw, 1024px\" \/><\/figure>\n\n\n\n<h3>Ofis<\/h3>\n\n\n\n<div class=\"wp-block-columns\">\n<div class=\"wp-block-column\">\n<p><strong>Genel M\u00fcd\u00fcr:<\/strong><br>Mehmet V. \u00d6zerman<br><a href=\"mailto:ozerman@utt.com.tr\">ozerman@utt.com.tr<\/a><br><br><strong>Genel Koordinat\u00f6r:<\/strong>\u00a0<br>Recep Top\u00e7u<br><a href=\"mailto:topcu@utt.com.tr\">topcu@utt.com.tr<\/a><br><br><strong>Finans Departman\u0131:<\/strong><br>Reyhan Taskiran<br><a href=\"mailto:muhasebe@utt.com.tr\">muhasebe@utt.com.tr<\/a><br><br><strong>Sat\u0131\u015f Departman\u0131:<\/strong><br>Ercan Kocaman<br><a href=\"mailto:sales@utt.com.tr\">sales@utt.com.tr<\/a><\/p>\n<\/div>\n\n\n\n<div class=\"wp-block-column\">\n<p><strong>Merkez Ofis<\/strong><br>Halask\u00e2rgazi Caddesi,<br>Alp Palas, Apt.&nbsp;No: 25 \/ 16<br>Harbiye 34373,<br>\u0130stanbul \/ T\u00fcrkiye<\/p>\n\n\n\n<p><strong>Telefon:<\/strong><br>+ 90 212 247 42 52<br>+ 90 212 247 46 15<\/p>\n\n\n\n<p><strong>Telefax:<\/strong><br>+ 90 212 240 46 42<\/p>\n\n\n\n<p><a href=\"mailto:info@utt.com.tr\">info@utt.com.tr<\/a><br><a href=\"http:\/\/utt.com.tr\/undefined\/\">www.utt.com.tr<\/a><\/p>\n\n\n\n<p><strong>Telex:\u00a0\u00a0<\/strong><br>39232 nevi tr<\/p>\n<\/div>\n<\/div>\n\n\n\n<div style=\"height:20px\" aria-hidden=\"true\" class=\"wp-block-spacer\"><\/div>\n\n\n\n\n\n\n\n<div style=\"height:32px\" aria-hidden=\"true\" class=\"wp-block-spacer\"><\/div>\n\n\n\n<p><strong>Tasar\u0131m ve programlama:<\/strong><br>\u00dcmit Kuzoluk \u00b7 <a href=\"https:\/\/www.uepsilon.com\" target=\"_blank\" rel=\"noreferrer noopener\">uepsilon.com<\/a><\/p>\n\n\n\n<div style=\"height:38px\" aria-hidden=\"true\" class=\"wp-block-spacer\"><\/div>\n\n\n\n<p><strong>Photo Credits:<\/strong><\/p>\n\n\n\n<p>Home&nbsp;<br>Photo by&nbsp;<a href=\"https:\/\/unsplash.com\/@mkunsplash84?utm_source=unsplash&amp;utm_medium=referral&amp;utm_content=creditCopyText\">Marian Kroell<\/a>&nbsp;on&nbsp;<a href=\"https:\/\/unsplash.com\/s\/photos\/glas?utm_source=unsplash&amp;utm_medium=referral&amp;utm_content=creditCopyText\">Unsplash<\/a><\/p>\n\n\n\n<p>Hey Sticker<br>Photo by&nbsp;<a href=\"https:\/\/unsplash.com\/@markusspiske?utm_source=unsplash&amp;utm_medium=referral&amp;utm_content=creditCopyText\">Markus Spiske<\/a>&nbsp;on&nbsp;<a href=\"https:\/\/unsplash.com\/s\/photos\/sticker?utm_source=unsplash&amp;utm_medium=referral&amp;utm_content=creditCopyText\">Unsplash<\/a><\/p>\n\n\n\n<p>Color<br>Photo by&nbsp;<a href=\"https:\/\/unsplash.com\/@pawel_czerwinski?utm_source=unsplash&amp;utm_medium=referral&amp;utm_content=creditCopyText\">Pawe\u0142 Czerwi\u0144ski<\/a>&nbsp;on&nbsp;<a href=\"https:\/\/unsplash.com\/s\/photos\/paint?utm_source=unsplash&amp;utm_medium=referral&amp;utm_content=creditCopyText\">Unsplash<\/a><\/p>\n\n\n\n<p>Glas Bild<br>Photo by&nbsp;<a href=\"https:\/\/unsplash.com\/photos\/xrzHZfJ7lxQ\">Byron Johnson<\/a>&nbsp;on&nbsp;<a href=\"https:\/\/unsplash.com\/s\/photos\/paint?utm_source=unsplash&amp;utm_medium=referral&amp;utm_content=creditCopyText\">Unsplash<\/a><\/p>\n\n\n\n<p>Kitchen Photo<br>Photo by&nbsp;<a href=\"https:\/\/unsplash.com\/@ka_idris\">Kam Idris<\/a>&nbsp;on&nbsp;<a href=\"https:\/\/unsplash.com\/s\/photos\/paint?utm_source=unsplash&amp;utm_medium=referral&amp;utm_content=creditCopyText\">Unsplash<\/a><\/p>\n\n\n\n<p>Quartz Glass Photo<br>Photo by&nbsp;<a href=\"https:\/\/unsplash.com\/@jaakkok\">Jakko Kemppainen<\/a>&nbsp;on&nbsp;<a href=\"https:\/\/unsplash.com\/s\/photos\/paint?utm_source=unsplash&amp;utm_medium=referral&amp;utm_content=creditCopyText\">Unsplash<\/a><\/p>\n\n\n\n<p>CNC Photo<br>Photo by&nbsp;<a href=\"https:\/\/unsplash.com\/@beuwy_com\">beuwy.com<\/a>&nbsp;on&nbsp;<a href=\"https:\/\/unsplash.com\/s\/photos\/paint?utm_source=unsplash&amp;utm_medium=referral&amp;utm_content=creditCopyText\">Unsplash<\/a><\/p>\n\n\n\n<p>Eye Photo<br>Photo by&nbsp;<a href=\"https:\/\/unsplash.com\/photos\/sknAQ799dWI\">Dasha Yukhymyuk<\/a>&nbsp;on&nbsp;<a href=\"https:\/\/unsplash.com\/s\/photos\/paint?utm_source=unsplash&amp;utm_medium=referral&amp;utm_content=creditCopyText\">Unsplash<\/a><\/p>\n\n\n\n<p>Water Photo<br>Photo by&nbsp;<a href=\"https:\/\/unsplash.com\/@turnlip19\">Jong Marshes<\/a>&nbsp;on&nbsp;<a href=\"https:\/\/unsplash.com\/s\/photos\/paint?utm_source=unsplash&amp;utm_medium=referral&amp;utm_content=creditCopyText\">Unsplash<\/a><\/p>\n\n\n\n<p>Glass closeup Photo<br>Photo by&nbsp;<a href=\"https:\/\/unsplash.com\/@ryanquintal?utm_source=unsplash&amp;utm_medium=referral&amp;utm_content=creditCopyText\">Ryan Quintal<\/a>&nbsp;on&nbsp;<a href=\"https:\/\/unsplash.com\/s\/photos\/glass-block?utm_source=unsplash&amp;utm_medium=referral&amp;utm_content=creditCopyText\">Unsplash<\/a><\/p>\n\n\n\n<p>Stadium Photo<br>Photo by&nbsp;<a href=\"https:\/\/unsplash.com\/@jakobowens1?utm_source=unsplash&amp;utm_medium=referral&amp;utm_content=creditCopyText\">Jakob Owens<\/a>&nbsp;on&nbsp;<a href=\"https:\/\/unsplash.com\/s\/photos\/stadium-lights?utm_source=unsplash&amp;utm_medium=referral&amp;utm_content=creditCopyText\">Unsplash<\/a><\/p>\n\n\n\n<p>Fireplace Photo<br>Photo by&nbsp;<a href=\"https:\/\/unsplash.com\/@runejohs?utm_source=unsplash&amp;utm_medium=referral&amp;utm_content=creditCopyText\">Rune Enstad<\/a>&nbsp;on&nbsp;<a href=\"https:\/\/unsplash.com\/s\/photos\/fireplace?utm_source=unsplash&amp;utm_medium=referral&amp;utm_content=creditCopyText\">Unsplash<\/a><\/p>\n\n\n\n<p>Stove Photo<br>Photo by&nbsp;<a href=\"https:\/\/unsplash.com\/@tjsocoz\">Tim Bish<\/a>&nbsp;on&nbsp;<a href=\"https:\/\/unsplash.com\/s\/photos\/fireplace?utm_source=unsplash&amp;utm_medium=referral&amp;utm_content=creditCopyText\">Unsplash<\/a><\/p>\n\n\n\n<p>Kebap Photo<br>Photo by&nbsp;<a href=\"https:\/\/unsplash.com\/@stefanbarkman\">Stefan Barkman<\/a>&nbsp;on&nbsp;<a href=\"https:\/\/unsplash.com\/s\/photos\/fireplace?utm_source=unsplash&amp;utm_medium=referral&amp;utm_content=creditCopyText\">Unsplash<\/a><\/p>\n\n\n\n<p>Fire Photo<br>Photo by&nbsp;Ricardo&nbsp;<a href=\"https:\/\/unsplash.com\/@ripato\">Gomez<\/a>&nbsp;Angel&nbsp;on&nbsp;<a href=\"https:\/\/unsplash.com\/s\/photos\/fireplace?utm_source=unsplash&amp;utm_medium=referral&amp;utm_content=creditCopyText\">Unsplash<\/a><\/p>\n\n\n\n<p>Glass Building Photo<br>Photo by&nbsp;<a href=\"https:\/\/unsplash.com\/@christianw\">Christian Wiedinger&nbsp;<\/a>on&nbsp;<a href=\"https:\/\/unsplash.com\/s\/photos\/fireplace?utm_source=unsplash&amp;utm_medium=referral&amp;utm_content=creditCopyText\">Unsplash<\/a><\/p>\n\n\n\n<p>Brainstormin Photo<br>Photo by&nbsp;<a href=\"https:\/\/unsplash.com\/@lebrvn\">Romain V<\/a>&nbsp;on&nbsp;<a href=\"https:\/\/unsplash.com\/s\/photos\/fireplace?utm_source=unsplash&amp;utm_medium=referral&amp;utm_content=creditCopyText\">Unsplash<\/a><\/p>\n\n\n\n<p><\/p>\n","protected":false},"excerpt":{"rendered":"<p>Ofis Genel M\u00fcd\u00fcr:Mehmet V. \u00d6zermanozerman@utt.com.tr Genel Koordinat\u00f6r:\u00a0Recep Top\u00e7utopcu@utt.com.tr Finans Departman\u0131:Reyhan Taskiranmuhasebe@utt.com.tr Sat\u0131\u015f Departman\u0131:Ercan Kocamansales@utt.com.tr Merkez OfisHalask\u00e2rgazi Caddesi,Alp Palas, Apt.&nbsp;No: 25 \/ 16Harbiye 34373,\u0130stanbul \/ T\u00fcrkiye Telefon:+ 90 212 247 42 52+ 90 212 247 46 15 Telefax:+ 90 212 240 46 42 info@utt.com.trwww.utt.com.tr Telex:\u00a0\u00a039232 nevi tr Tasar\u0131m ve programlama:\u00dcmit Kuzoluk \u00b7 uepsilon.com Photo Credits: Home&nbsp;Photo [&hellip;]<\/p>\n","protected":false},"author":1,"featured_media":0,"parent":0,"menu_order":0,"comment_status":"closed","ping_status":"closed","template":"","meta":[],"_links":{"self":[{"href":"https:\/\/utt.com.tr\/en\/wp-json\/wp\/v2\/pages\/9"}],"collection":[{"href":"https:\/\/utt.com.tr\/en\/wp-json\/wp\/v2\/pages"}],"about":[{"href":"https:\/\/utt.com.tr\/en\/wp-json\/wp\/v2\/types\/page"}],"author":[{"embeddable":true,"href":"https:\/\/utt.com.tr\/en\/wp-json\/wp\/v2\/users\/1"}],"replies":[{"embeddable":true,"href":"https:\/\/utt.com.tr\/en\/wp-json\/wp\/v2\/comments?post=9"}],"version-history":[{"count":0,"href":"https:\/\/utt.com.tr\/en\/wp-json\/wp\/v2\/pages\/9\/revisions"}],"wp:attachment":[{"href":"https:\/\/utt.com.tr\/en\/wp-json\/wp\/v2\/media?parent=9"}],"curies":[{"name":"wp","href":"https:\/\/api.w.org\/{rel}","templated":true}]}}