{"id":90,"date":"2020-05-21T22:08:57","date_gmt":"2020-05-21T19:08:57","guid":{"rendered":"http:\/\/utt.com.tr\/?page_id=90"},"modified":"2020-05-21T22:08:57","modified_gmt":"2020-05-21T19:08:57","slug":"isiya-hassas-boya-ve-murekkepler","status":"publish","type":"page","link":"https:\/\/utt.com.tr\/en\/isiya-hassas-boya-ve-murekkepler\/","title":{"rendered":"Is\u0131ya hassas boya ve m\u00fcrekkepler"},"content":{"rendered":"\n<figure class=\"wp-block-image alignfull size-large\"><img loading=\"lazy\" width=\"1024\" height=\"276\" src=\"http:\/\/utt.com.tr\/en\/wp-content\/uploads\/sites\/2\/2020\/05\/color-1024x276.jpg\" alt=\"\" class=\"wp-image-111\" srcset=\"https:\/\/utt.com.tr\/en\/wp-content\/uploads\/sites\/2\/2020\/05\/color-1024x276.jpg 1024w, https:\/\/utt.com.tr\/en\/wp-content\/uploads\/sites\/2\/2020\/05\/color-300x81.jpg 300w, https:\/\/utt.com.tr\/en\/wp-content\/uploads\/sites\/2\/2020\/05\/color-768x207.jpg 768w, https:\/\/utt.com.tr\/en\/wp-content\/uploads\/sites\/2\/2020\/05\/color.jpg 1037w\" sizes=\"(max-width: 1024px) 100vw, 1024px\" \/><\/figure>\n\n\n\n<p><strong>Is\u0131ya hassas boya ve m\u00fcrekkeplerin s\u00fcr\u00fcld\u00fc\u011f\u00fc y\u00fczeydeki s\u0131cakl\u0131k art\u0131\u015f\u0131 geri d\u00f6n\u00fc\u015f\u00fcml\u00fc ve \/ veya geri d\u00f6n\u00fc\u015f\u00fcms\u00fcz olarak&nbsp;boya ve m\u00fcrekkeplerin renginin de\u011fi\u015fmesiyle tesbit edilir.<\/strong> <\/p>\n\n\n\n<p>&#8216;Ana s\u0131n\u0131ftaki&#8217; (main range) boya ve etiketler 70 \u00baC ile 1.250 \u00baC&nbsp;aras\u0131ndaki derecelerde d\u00f6n\u00fc\u015f\u00fcml\u00fc veya d\u00f6n\u00fc\u015f\u00fcms\u00fcz olarak kullan\u0131l\u0131r.<br><br>So\u011fuk s\u0131n\u0131ftaki (chill range) boya ve etiketler -30 \u00baC ile + 55 \u00baC&nbsp;aras\u0131ndaki derecelerde d\u00f6n\u00fc\u015f\u00fcml\u00fc veya d\u00f6n\u00fc\u015f\u00fcms\u00fcz olarak kullan\u0131l\u0131r. Likit kristal s\u0131n\u0131f\u0131ndaki (liquid crystal range) m\u00fcrekkepler -30 \u00baC&nbsp;ile + 80 \u00baC aras\u0131ndaki derecelerde d\u00f6n\u00fc\u015f\u00fcml\u00fc olarak kullan\u0131l\u0131r. Ana s\u0131n\u0131f daha \u00e7ok end\u00fcstriyel ortamlarda, mesela asit ve amonyak tanklar\u0131ndaki ve bacalardaki koruyucu tu\u011flalar\u0131n inceldi\u011fini tesbit&nbsp;i\u00e7in kullan\u0131l\u0131r. So\u011fuk s\u0131n\u0131f daha \u00e7ok yeme ve i\u00e7me sanayinde, mesela belli i\u015faret&nbsp;ve yaz\u0131lar\u0131n etiket veya benzeri y\u00fczeylerde belirmesi i\u00e7in kullan\u0131l\u0131r. Likit kristal g\u00f6kk\u00fc\u015fa\u011f\u0131n\u0131n b\u00fct\u00fcn renklerini k\u0131rm\u0131z\u0131dan mora&nbsp;kadar sergiler.<\/p>\n\n\n\n<figure class=\"wp-block-image size-large\"><img loading=\"lazy\" width=\"381\" height=\"375\" src=\"http:\/\/utt.com.tr\/en\/wp-content\/uploads\/sites\/2\/2020\/05\/isiocumetiketi.png\" alt=\"\" class=\"wp-image-140\" srcset=\"https:\/\/utt.com.tr\/en\/wp-content\/uploads\/sites\/2\/2020\/05\/isiocumetiketi.png 381w, https:\/\/utt.com.tr\/en\/wp-content\/uploads\/sites\/2\/2020\/05\/isiocumetiketi-300x295.png 300w\" sizes=\"(max-width: 381px) 100vw, 381px\" \/><\/figure>\n\n\n\n<p><strong>Daha fazla bilgi edinmek i\u00e7in l\u00fctfen bizi aray\u0131n\u0131z.<\/strong><strong><br><\/strong><a href=\"mailto:info@utt.com.tr\">info@utt.com.tr<\/a><\/p>\n","protected":false},"excerpt":{"rendered":"<p>Is\u0131ya hassas boya ve m\u00fcrekkeplerin s\u00fcr\u00fcld\u00fc\u011f\u00fc y\u00fczeydeki s\u0131cakl\u0131k art\u0131\u015f\u0131 geri d\u00f6n\u00fc\u015f\u00fcml\u00fc ve \/ veya geri d\u00f6n\u00fc\u015f\u00fcms\u00fcz olarak&nbsp;boya ve m\u00fcrekkeplerin renginin de\u011fi\u015fmesiyle tesbit edilir. &#8216;Ana s\u0131n\u0131ftaki&#8217; (main range) boya ve etiketler 70 \u00baC ile 1.250 \u00baC&nbsp;aras\u0131ndaki derecelerde d\u00f6n\u00fc\u015f\u00fcml\u00fc veya d\u00f6n\u00fc\u015f\u00fcms\u00fcz olarak kullan\u0131l\u0131r. So\u011fuk s\u0131n\u0131ftaki (chill range) boya ve etiketler -30 \u00baC ile + 55 \u00baC&nbsp;aras\u0131ndaki derecelerde [&hellip;]<\/p>\n","protected":false},"author":1,"featured_media":0,"parent":0,"menu_order":0,"comment_status":"closed","ping_status":"closed","template":"","meta":[],"_links":{"self":[{"href":"https:\/\/utt.com.tr\/en\/wp-json\/wp\/v2\/pages\/90"}],"collection":[{"href":"https:\/\/utt.com.tr\/en\/wp-json\/wp\/v2\/pages"}],"about":[{"href":"https:\/\/utt.com.tr\/en\/wp-json\/wp\/v2\/types\/page"}],"author":[{"embeddable":true,"href":"https:\/\/utt.com.tr\/en\/wp-json\/wp\/v2\/users\/1"}],"replies":[{"embeddable":true,"href":"https:\/\/utt.com.tr\/en\/wp-json\/wp\/v2\/comments?post=90"}],"version-history":[{"count":0,"href":"https:\/\/utt.com.tr\/en\/wp-json\/wp\/v2\/pages\/90\/revisions"}],"wp:attachment":[{"href":"https:\/\/utt.com.tr\/en\/wp-json\/wp\/v2\/media?parent=90"}],"curies":[{"name":"wp","href":"https:\/\/api.w.org\/{rel}","templated":true}]}}